{"id":5068,"date":"2016-08-18T21:16:14","date_gmt":"2016-08-19T00:16:14","guid":{"rendered":"https:\/\/apublica.org\/truco2016.new\/index.php\/as-cartas\/"},"modified":"2022-09-05T21:23:42","modified_gmt":"2022-09-06T00:23:42","slug":"as-cartas","status":"publish","type":"page","link":"https:\/\/eleicoes.apublica.org\/2016\/sobre-o-projeto\/as-cartas\/","title":{"rendered":"As cartas"},"content":{"rendered":"<p>O sistema de classifica\u00e7\u00e3o adotado pelo <strong>Truco Elei\u00e7\u00f5es 2016<\/strong> usa cinco cartas, com uma escala de cores que ajuda a entender o significado de cada uma delas: <strong>Blefe<\/strong>, <strong>N\u00e3o \u00e9 bem assim<\/strong>, <strong>T\u00e1 certo, mas pera\u00ed<\/strong>, <strong>Zap<\/strong> e <strong>Candidato em crise<\/strong>. Veja em que casos elas s\u00e3o aplicadas.<\/p>\n<p style=\"text-align: center;\"><strong>Blefe:<\/strong> a afirma\u00e7\u00e3o \u00e9 falsa.<br \/>\n<img data-recalc-dims=\"1\" loading=\"lazy\" decoding=\"async\" class=\"aligncenter wp-image-467\" src=\"https:\/\/i0.wp.com\/apublica.org\/truco2016\/wp-content\/uploads\/2016\/08\/Blefe-Truco2016-1024x808.png?resize=800%2C631\" alt=\"Blefe-Truco2016\" width=\"800\" height=\"631\" srcset=\"https:\/\/i0.wp.com\/eleicoes.apublica.org\/2016\/wp-content\/uploads\/2016\/08\/Blefe-Truco2016.png?resize=1024%2C808&amp;ssl=1 1024w, https:\/\/i0.wp.com\/eleicoes.apublica.org\/2016\/wp-content\/uploads\/2016\/08\/Blefe-Truco2016.png?resize=300%2C237&amp;ssl=1 300w, https:\/\/i0.wp.com\/eleicoes.apublica.org\/2016\/wp-content\/uploads\/2016\/08\/Blefe-Truco2016.png?resize=768%2C606&amp;ssl=1 768w, https:\/\/i0.wp.com\/eleicoes.apublica.org\/2016\/wp-content\/uploads\/2016\/08\/Blefe-Truco2016.png?w=2000&amp;ssl=1 2000w\" sizes=\"auto, (max-width: 800px) 85vw, 800px\" \/><\/p>\n<p style=\"text-align: center;\"><strong>N\u00e3o \u00e9 bem assim:<\/strong> a frase \u00e9\u00a0exagerada, distorcida ou\u00a0discut\u00edvel.<br \/>\n<img data-recalc-dims=\"1\" loading=\"lazy\" decoding=\"async\" class=\"aligncenter wp-image-479\" src=\"https:\/\/i0.wp.com\/apublica.org\/truco2016\/wp-content\/uploads\/2016\/08\/Nao-e-bem-assim-Truco20161-300x242.png?resize=800%2C644\" alt=\"Nao-e-bem-assim-Truco2016\" width=\"800\" height=\"644\" srcset=\"https:\/\/i0.wp.com\/eleicoes.apublica.org\/2016\/wp-content\/uploads\/2016\/08\/Nao-e-bem-assim-Truco20161.png?resize=300%2C242&amp;ssl=1 300w, https:\/\/i0.wp.com\/eleicoes.apublica.org\/2016\/wp-content\/uploads\/2016\/08\/Nao-e-bem-assim-Truco20161.png?resize=768%2C619&amp;ssl=1 768w, https:\/\/i0.wp.com\/eleicoes.apublica.org\/2016\/wp-content\/uploads\/2016\/08\/Nao-e-bem-assim-Truco20161.png?resize=1024%2C825&amp;ssl=1 1024w, https:\/\/i0.wp.com\/eleicoes.apublica.org\/2016\/wp-content\/uploads\/2016\/08\/Nao-e-bem-assim-Truco20161.png?w=2000&amp;ssl=1 2000w\" sizes=\"auto, (max-width: 800px) 85vw, 800px\" \/><\/p>\n<p style=\"text-align: center;\"><strong>T\u00e1 certo, mas pera\u00ed:<\/strong> a declara\u00e7\u00e3o est\u00e1 correta, mas falta contexto.<br \/>\n<img data-recalc-dims=\"1\" loading=\"lazy\" decoding=\"async\" class=\"alignnone size-medium wp-image-470\" src=\"https:\/\/i0.wp.com\/apublica.org\/truco2016\/wp-content\/uploads\/2016\/08\/TaCC81-certo-mas-peraiCC81-Truco20161-300x238.png?resize=300%2C238&#038;ssl=1\" alt=\"\" width=\"300\" height=\"238\" srcset=\"https:\/\/i0.wp.com\/eleicoes.apublica.org\/2016\/wp-content\/uploads\/2016\/08\/TaCC81-certo-mas-peraiCC81-Truco20161.png?resize=300%2C238&amp;ssl=1 300w, https:\/\/i0.wp.com\/eleicoes.apublica.org\/2016\/wp-content\/uploads\/2016\/08\/TaCC81-certo-mas-peraiCC81-Truco20161.png?resize=768%2C610&amp;ssl=1 768w, https:\/\/i0.wp.com\/eleicoes.apublica.org\/2016\/wp-content\/uploads\/2016\/08\/TaCC81-certo-mas-peraiCC81-Truco20161.png?resize=1024%2C814&amp;ssl=1 1024w, https:\/\/i0.wp.com\/eleicoes.apublica.org\/2016\/wp-content\/uploads\/2016\/08\/TaCC81-certo-mas-peraiCC81-Truco20161.png?w=2000&amp;ssl=1 2000w\" sizes=\"auto, (max-width: 300px) 85vw, 300px\" \/><\/p>\n<p style=\"text-align: center;\"><strong>Zap:<\/strong> a afirma\u00e7\u00e3o est\u00e1 correta.<br \/>\n<img data-recalc-dims=\"1\" loading=\"lazy\" decoding=\"async\" class=\"aligncenter wp-image-472\" src=\"https:\/\/i0.wp.com\/apublica.org\/truco2016\/wp-content\/uploads\/2016\/08\/Zap-Truco20161-1024x819.png?resize=800%2C640\" alt=\"Zap-Truco2016\" width=\"800\" height=\"640\" srcset=\"https:\/\/i0.wp.com\/eleicoes.apublica.org\/2016\/wp-content\/uploads\/2016\/08\/Zap-Truco20161.png?resize=1024%2C819&amp;ssl=1 1024w, https:\/\/i0.wp.com\/eleicoes.apublica.org\/2016\/wp-content\/uploads\/2016\/08\/Zap-Truco20161.png?resize=300%2C240&amp;ssl=1 300w, https:\/\/i0.wp.com\/eleicoes.apublica.org\/2016\/wp-content\/uploads\/2016\/08\/Zap-Truco20161.png?resize=768%2C614&amp;ssl=1 768w, https:\/\/i0.wp.com\/eleicoes.apublica.org\/2016\/wp-content\/uploads\/2016\/08\/Zap-Truco20161.png?w=2000&amp;ssl=1 2000w\" sizes=\"auto, (max-width: 800px) 85vw, 800px\" \/><\/p>\n<p style=\"text-align: center;\"><strong>Candidato em crise:<\/strong> a frase \u00e9 contradit\u00f3ria.<br \/>\n<img data-recalc-dims=\"1\" loading=\"lazy\" decoding=\"async\" class=\"aligncenter wp-image-468\" src=\"https:\/\/i0.wp.com\/apublica.org\/truco2016\/wp-content\/uploads\/2016\/08\/Candidato-em-crise-Truco20161-300x240.png?resize=800%2C641\" alt=\"Candidato em crise-Truco2016\" width=\"800\" height=\"641\" srcset=\"https:\/\/i0.wp.com\/eleicoes.apublica.org\/2016\/wp-content\/uploads\/2016\/08\/Candidato-em-crise-Truco20161.png?resize=300%2C240&amp;ssl=1 300w, https:\/\/i0.wp.com\/eleicoes.apublica.org\/2016\/wp-content\/uploads\/2016\/08\/Candidato-em-crise-Truco20161.png?resize=768%2C616&amp;ssl=1 768w, https:\/\/i0.wp.com\/eleicoes.apublica.org\/2016\/wp-content\/uploads\/2016\/08\/Candidato-em-crise-Truco20161.png?resize=1024%2C821&amp;ssl=1 1024w, https:\/\/i0.wp.com\/eleicoes.apublica.org\/2016\/wp-content\/uploads\/2016\/08\/Candidato-em-crise-Truco20161.png?w=1250&amp;ssl=1 1250w\" sizes=\"auto, (max-width: 800px) 85vw, 800px\" \/><\/p>\n<p style=\"text-align: center;\"><strong>Pedidos de Truco!<\/strong><\/p>\n<p><img data-recalc-dims=\"1\" loading=\"lazy\" decoding=\"async\" class=\"aligncenter wp-image-471\" src=\"https:\/\/i0.wp.com\/apublica.org\/truco2016\/wp-content\/uploads\/2016\/08\/Trucos-Truco20161-300x70.png?resize=800%2C186\" alt=\"Trucos-Truco2016\" width=\"800\" height=\"186\" srcset=\"https:\/\/i0.wp.com\/eleicoes.apublica.org\/2016\/wp-content\/uploads\/2016\/08\/Trucos-Truco20161.png?resize=300%2C70&amp;ssl=1 300w, https:\/\/i0.wp.com\/eleicoes.apublica.org\/2016\/wp-content\/uploads\/2016\/08\/Trucos-Truco20161.png?resize=768%2C178&amp;ssl=1 768w, https:\/\/i0.wp.com\/eleicoes.apublica.org\/2016\/wp-content\/uploads\/2016\/08\/Trucos-Truco20161.png?resize=1024%2C238&amp;ssl=1 1024w, https:\/\/i0.wp.com\/eleicoes.apublica.org\/2016\/wp-content\/uploads\/2016\/08\/Trucos-Truco20161.png?w=2000&amp;ssl=1 2000w, https:\/\/i0.wp.com\/eleicoes.apublica.org\/2016\/wp-content\/uploads\/2016\/08\/Trucos-Truco20161.png?w=3000&amp;ssl=1 3000w\" sizes=\"auto, (max-width: 800px) 85vw, 800px\" \/><\/p>\n<p>Al\u00e9m de checarmos frases, fazemos ainda um desafio p\u00fablico para que os candidatos a prefeito expliquem falas aparentemente infundadas e pol\u00eamicas ou promessas. Como no jogo de baralho, pedimos o <strong>Truco!<\/strong> Nesse caso, selecionamos a declara\u00e7\u00e3o e enviamos ao candidato algumas perguntas para que ele explique o que disse ou mostre como vai conseguir cumprir o que prometeu. Damos um prazo de 24 horas e, depois disso, publicamos a explica\u00e7\u00e3o ou destacamos que o candidato recusou-se a responder ao nosso desafio.<\/p>\n","protected":false},"excerpt":{"rendered":"<p>O sistema de classifica\u00e7\u00e3o adotado pelo Truco Elei\u00e7\u00f5es 2016 usa cinco cartas, com uma escala de cores que ajuda a entender o significado de cada uma delas: Blefe, N\u00e3o \u00e9 bem assim, T\u00e1 certo, mas pera\u00ed, Zap e Candidato em crise. Veja em que casos elas s\u00e3o aplicadas. Blefe: a afirma\u00e7\u00e3o \u00e9 falsa. N\u00e3o \u00e9 &hellip; <a href=\"https:\/\/eleicoes.apublica.org\/2016\/sobre-o-projeto\/as-cartas\/\" class=\"more-link\">Continue reading<span class=\"screen-reader-text\"> &#8220;As cartas&#8221;<\/span><\/a><\/p>\n","protected":false},"author":1,"featured_media":0,"parent":5065,"menu_order":0,"comment_status":"closed","ping_status":"closed","template":"","meta":{"_acf_changed":false,"footnotes":""},"coauthors":[2],"class_list":["post-5068","page","type-page","status-publish","hentry"],"acf":{"legacy_id":""},"jetpack_sharing_enabled":true,"_links":{"self":[{"href":"https:\/\/eleicoes.apublica.org\/2016\/wp-json\/wp\/v2\/pages\/5068","targetHints":{"allow":["GET"]}}],"collection":[{"href":"https:\/\/eleicoes.apublica.org\/2016\/wp-json\/wp\/v2\/pages"}],"about":[{"href":"https:\/\/eleicoes.apublica.org\/2016\/wp-json\/wp\/v2\/types\/page"}],"author":[{"embeddable":true,"href":"https:\/\/eleicoes.apublica.org\/2016\/wp-json\/wp\/v2\/users\/1"}],"replies":[{"embeddable":true,"href":"https:\/\/eleicoes.apublica.org\/2016\/wp-json\/wp\/v2\/comments?post=5068"}],"version-history":[{"count":2,"href":"https:\/\/eleicoes.apublica.org\/2016\/wp-json\/wp\/v2\/pages\/5068\/revisions"}],"predecessor-version":[{"id":5558,"href":"https:\/\/eleicoes.apublica.org\/2016\/wp-json\/wp\/v2\/pages\/5068\/revisions\/5558"}],"up":[{"embeddable":true,"href":"https:\/\/eleicoes.apublica.org\/2016\/wp-json\/wp\/v2\/pages\/5065"}],"wp:attachment":[{"href":"https:\/\/eleicoes.apublica.org\/2016\/wp-json\/wp\/v2\/media?parent=5068"}],"wp:term":[{"taxonomy":"author","embeddable":true,"href":"https:\/\/eleicoes.apublica.org\/2016\/wp-json\/wp\/v2\/coauthors?post=5068"}],"curies":[{"name":"wp","href":"https:\/\/api.w.org\/{rel}","templated":true}]}}