{"id":1104,"date":"2018-08-14T18:50:28","date_gmt":"2018-08-14T21:50:28","guid":{"rendered":"https:\/\/truco2018.apublica.org\/?page_id=1104"},"modified":"2018-08-15T17:22:06","modified_gmt":"2018-08-15T20:22:06","slug":"politica-de-republicacao","status":"publish","type":"page","link":"https:\/\/eleicoes.apublica.org\/2018\/politica-de-republicacao\/","title":{"rendered":"Pol\u00edtica de Republica\u00e7\u00e3o"},"content":{"rendered":"<div>A Ag\u00eancia P\u00fablica publica seu conte\u00fado sob a licen\u00e7a Creative Commons CC BY-ND. Se voc\u00ea quiser republicar as checagens feitas pelo Truco, \u00e9 obrigat\u00f3rio seguir as normas abaixo:<\/div>\n<div><\/div>\n<div>1. O conte\u00fado do Projeto Truco n\u00e3o pode ser cortado, reduzido, editado e nem retirado do contexto.<\/div>\n<div>2. Todas as republica\u00e7\u00f5es devem trazer o nome do Projeto Truco e do autor com destaque, na parte superior do textos.<\/div>\n<div>3. Todas as hist\u00f3rias devem trazer o link <a href=\"http:\/\/truco2018.apublica.org\" target=\"_blank\" rel=\"noopener\" data-saferedirecturl=\"https:\/\/www.google.com\/url?hl=pt-BR&amp;q=http:\/\/truco2018.apublica.org&amp;source=gmail&amp;ust=1534369496227000&amp;usg=AFQjCNFlohc8fTYb4GGBSQL-174lUfFO0w\">truco2018.apublica.org<\/a>. Os tweets sobre as reportagens republicadas devem conter a men\u00e7\u00e3o @truco e as men\u00e7\u00f5es no Facebook devem marcar nossa p\u00e1gina: <a href=\"http:\/\/facebook.com\/projetotruco\" target=\"_blank\" rel=\"noopener\" data-saferedirecturl=\"https:\/\/www.google.com\/url?hl=pt-BR&amp;q=http:\/\/facebook.com\/projetotruco&amp;source=gmail&amp;ust=1534369496227000&amp;usg=AFQjCNHJz6joAqbgSzlXvkZEPMuZZxXqaA\">facebook.com\/projetotruco<\/a><\/div>\n<div>4. As ilustra\u00e7\u00f5es dos selos s\u00f3 podem ser republicadas junto com as checagens e com os devidos cr\u00e9ditos.<\/div>\n<div>5. As checagens do Truco nos Estados n\u00e3o podem ser revendidas.<\/div>\n<div>6. A republica\u00e7\u00e3o das checagens n\u00e3o configura parceria com o Truco ou com a Ag\u00eancia P\u00fablica<\/div>\n<div>7. Em caso de corre\u00e7\u00e3o em uma checagem republicada, a equipe da Ag\u00eancia P\u00fablica entrar\u00e1 em contato. O ve\u00edculo deve atender ao pedido de corre\u00e7\u00e3o.<\/div>\n<div>8. O Truco nos Estados prima pela isonomia nas checagens de todos os candidatos. Todas as republica\u00e7\u00f5es devem seguir essa mesmo princ\u00edpio.<\/div>\n","protected":false},"excerpt":{"rendered":"<p>A Ag\u00eancia P\u00fablica publica seu conte\u00fado sob a licen\u00e7a Creative Commons CC BY-ND. Se voc\u00ea quiser republicar as checagens feitas pelo Truco, \u00e9 obrigat\u00f3rio seguir as normas abaixo: 1. O conte\u00fado do Projeto Truco n\u00e3o pode ser cortado, reduzido, editado e nem retirado do contexto. 2. Todas as republica\u00e7\u00f5es devem trazer o nome do Projeto &hellip; <\/p>\n<p class=\"link-more\"><a href=\"https:\/\/eleicoes.apublica.org\/2018\/politica-de-republicacao\/\" class=\"more-link\">Continue lendo<span class=\"screen-reader-text\"> &#8220;Pol\u00edtica de Republica\u00e7\u00e3o&#8221;<\/span><\/a><\/p>\n","protected":false},"author":5,"featured_media":0,"parent":0,"menu_order":0,"comment_status":"closed","ping_status":"closed","template":"","meta":{"_acf_changed":false,"footnotes":""},"coauthors":[10],"class_list":["post-1104","page","type-page","status-publish","hentry"],"acf":[],"yoast_head":"<!-- This site is optimized with the Yoast SEO plugin v27.5 - https:\/\/yoast.com\/product\/yoast-seo-wordpress\/ -->\n<title>Pol\u00edtica de Republica\u00e7\u00e3o - Truco2018<\/title>\n<meta name=\"robots\" content=\"index, follow, max-snippet:-1, max-image-preview:large, max-video-preview:-1\" \/>\n<link rel=\"canonical\" href=\"https:\/\/eleicoes.apublica.org\/2018\/politica-de-republicacao\/\" \/>\n<meta property=\"og:locale\" content=\"pt_BR\" \/>\n<meta property=\"og:type\" content=\"article\" \/>\n<meta property=\"og:title\" content=\"Pol\u00edtica de Republica\u00e7\u00e3o - Truco2018\" \/>\n<meta property=\"og:description\" content=\"A Ag\u00eancia P\u00fablica publica seu conte\u00fado sob a licen\u00e7a Creative Commons CC BY-ND. Se voc\u00ea quiser republicar as checagens feitas pelo Truco, \u00e9 obrigat\u00f3rio seguir as normas abaixo: 1. O conte\u00fado do Projeto Truco n\u00e3o pode ser cortado, reduzido, editado e nem retirado do contexto. 2. Todas as republica\u00e7\u00f5es devem trazer o nome do Projeto &hellip; Continue lendo &quot;Pol\u00edtica de Republica\u00e7\u00e3o&quot;\" \/>\n<meta property=\"og:url\" content=\"https:\/\/eleicoes.apublica.org\/2018\/politica-de-republicacao\/\" \/>\n<meta property=\"og:site_name\" content=\"Truco2018\" \/>\n<meta property=\"article:modified_time\" content=\"2018-08-15T20:22:06+00:00\" \/>\n<meta name=\"twitter:card\" content=\"summary_large_image\" \/>\n<meta name=\"twitter:label1\" content=\"Est. tempo de leitura\" \/>\n\t<meta name=\"twitter:data1\" content=\"1 minuto\" \/>\n\t<meta name=\"twitter:label2\" content=\"Written by\" \/>\n\t<meta name=\"twitter:data2\" content=\"Natalia Viana\" \/>\n<script type=\"application\/ld+json\" class=\"yoast-schema-graph\">{\"@context\":\"https:\\\/\\\/schema.org\",\"@graph\":[{\"@type\":\"WebPage\",\"@id\":\"https:\\\/\\\/eleicoes.apublica.org\\\/2018\\\/politica-de-republicacao\\\/\",\"url\":\"https:\\\/\\\/eleicoes.apublica.org\\\/2018\\\/politica-de-republicacao\\\/\",\"name\":\"Pol\u00edtica de Republica\u00e7\u00e3o - Truco2018\",\"isPartOf\":{\"@id\":\"https:\\\/\\\/eleicoes.apublica.org\\\/2018\\\/#website\"},\"datePublished\":\"2018-08-14T21:50:28+00:00\",\"dateModified\":\"2018-08-15T20:22:06+00:00\",\"breadcrumb\":{\"@id\":\"https:\\\/\\\/eleicoes.apublica.org\\\/2018\\\/politica-de-republicacao\\\/#breadcrumb\"},\"inLanguage\":\"pt-BR\",\"potentialAction\":[{\"@type\":\"ReadAction\",\"target\":[\"https:\\\/\\\/eleicoes.apublica.org\\\/2018\\\/politica-de-republicacao\\\/\"]}]},{\"@type\":\"BreadcrumbList\",\"@id\":\"https:\\\/\\\/eleicoes.apublica.org\\\/2018\\\/politica-de-republicacao\\\/#breadcrumb\",\"itemListElement\":[{\"@type\":\"ListItem\",\"position\":1,\"name\":\"In\u00edcio\",\"item\":\"https:\\\/\\\/eleicoes.apublica.org\\\/2018\\\/\"},{\"@type\":\"ListItem\",\"position\":2,\"name\":\"Pol\u00edtica de Republica\u00e7\u00e3o\"}]},{\"@type\":\"WebSite\",\"@id\":\"https:\\\/\\\/eleicoes.apublica.org\\\/2018\\\/#website\",\"url\":\"https:\\\/\\\/eleicoes.apublica.org\\\/2018\\\/\",\"name\":\"Truco2018\",\"description\":\"Truco nos estados - Checamos as declara\u00e7\u00f5es de candidatos e boatos que circulam sobre as elei\u00e7\u00f5es para o governo de Minas, Cear\u00e1, S\u00e3o Paulo, Rio Grande do Sul, Par\u00e1, Paran\u00e1, Pernambuco.\",\"potentialAction\":[{\"@type\":\"SearchAction\",\"target\":{\"@type\":\"EntryPoint\",\"urlTemplate\":\"https:\\\/\\\/eleicoes.apublica.org\\\/2018\\\/?s={search_term_string}\"},\"query-input\":{\"@type\":\"PropertyValueSpecification\",\"valueRequired\":true,\"valueName\":\"search_term_string\"}}],\"inLanguage\":\"pt-BR\"}]}<\/script>\n<!-- \/ Yoast SEO plugin. -->","yoast_head_json":{"title":"Pol\u00edtica de Republica\u00e7\u00e3o - Truco2018","robots":{"index":"index","follow":"follow","max-snippet":"max-snippet:-1","max-image-preview":"max-image-preview:large","max-video-preview":"max-video-preview:-1"},"canonical":"https:\/\/eleicoes.apublica.org\/2018\/politica-de-republicacao\/","og_locale":"pt_BR","og_type":"article","og_title":"Pol\u00edtica de Republica\u00e7\u00e3o - Truco2018","og_description":"A Ag\u00eancia P\u00fablica publica seu conte\u00fado sob a licen\u00e7a Creative Commons CC BY-ND. Se voc\u00ea quiser republicar as checagens feitas pelo Truco, \u00e9 obrigat\u00f3rio seguir as normas abaixo: 1. O conte\u00fado do Projeto Truco n\u00e3o pode ser cortado, reduzido, editado e nem retirado do contexto. 2. Todas as republica\u00e7\u00f5es devem trazer o nome do Projeto &hellip; Continue lendo \"Pol\u00edtica de Republica\u00e7\u00e3o\"","og_url":"https:\/\/eleicoes.apublica.org\/2018\/politica-de-republicacao\/","og_site_name":"Truco2018","article_modified_time":"2018-08-15T20:22:06+00:00","twitter_card":"summary_large_image","twitter_misc":{"Est. tempo de leitura":"1 minuto","Written by":"Natalia Viana"},"schema":{"@context":"https:\/\/schema.org","@graph":[{"@type":"WebPage","@id":"https:\/\/eleicoes.apublica.org\/2018\/politica-de-republicacao\/","url":"https:\/\/eleicoes.apublica.org\/2018\/politica-de-republicacao\/","name":"Pol\u00edtica de Republica\u00e7\u00e3o - Truco2018","isPartOf":{"@id":"https:\/\/eleicoes.apublica.org\/2018\/#website"},"datePublished":"2018-08-14T21:50:28+00:00","dateModified":"2018-08-15T20:22:06+00:00","breadcrumb":{"@id":"https:\/\/eleicoes.apublica.org\/2018\/politica-de-republicacao\/#breadcrumb"},"inLanguage":"pt-BR","potentialAction":[{"@type":"ReadAction","target":["https:\/\/eleicoes.apublica.org\/2018\/politica-de-republicacao\/"]}]},{"@type":"BreadcrumbList","@id":"https:\/\/eleicoes.apublica.org\/2018\/politica-de-republicacao\/#breadcrumb","itemListElement":[{"@type":"ListItem","position":1,"name":"In\u00edcio","item":"https:\/\/eleicoes.apublica.org\/2018\/"},{"@type":"ListItem","position":2,"name":"Pol\u00edtica de Republica\u00e7\u00e3o"}]},{"@type":"WebSite","@id":"https:\/\/eleicoes.apublica.org\/2018\/#website","url":"https:\/\/eleicoes.apublica.org\/2018\/","name":"Truco2018","description":"Truco nos estados - Checamos as declara\u00e7\u00f5es de candidatos e boatos que circulam sobre as elei\u00e7\u00f5es para o governo de Minas, Cear\u00e1, S\u00e3o Paulo, Rio Grande do Sul, Par\u00e1, Paran\u00e1, Pernambuco.","potentialAction":[{"@type":"SearchAction","target":{"@type":"EntryPoint","urlTemplate":"https:\/\/eleicoes.apublica.org\/2018\/?s={search_term_string}"},"query-input":{"@type":"PropertyValueSpecification","valueRequired":true,"valueName":"search_term_string"}}],"inLanguage":"pt-BR"}]}},"jetpack_shortlink":"https:\/\/wp.me\/PbyYl8-hO","jetpack_sharing_enabled":true,"_links":{"self":[{"href":"https:\/\/eleicoes.apublica.org\/2018\/wp-json\/wp\/v2\/pages\/1104","targetHints":{"allow":["GET"]}}],"collection":[{"href":"https:\/\/eleicoes.apublica.org\/2018\/wp-json\/wp\/v2\/pages"}],"about":[{"href":"https:\/\/eleicoes.apublica.org\/2018\/wp-json\/wp\/v2\/types\/page"}],"author":[{"embeddable":true,"href":"https:\/\/eleicoes.apublica.org\/2018\/wp-json\/wp\/v2\/users\/5"}],"replies":[{"embeddable":true,"href":"https:\/\/eleicoes.apublica.org\/2018\/wp-json\/wp\/v2\/comments?post=1104"}],"version-history":[{"count":5,"href":"https:\/\/eleicoes.apublica.org\/2018\/wp-json\/wp\/v2\/pages\/1104\/revisions"}],"predecessor-version":[{"id":1143,"href":"https:\/\/eleicoes.apublica.org\/2018\/wp-json\/wp\/v2\/pages\/1104\/revisions\/1143"}],"wp:attachment":[{"href":"https:\/\/eleicoes.apublica.org\/2018\/wp-json\/wp\/v2\/media?parent=1104"}],"wp:term":[{"taxonomy":"author","embeddable":true,"href":"https:\/\/eleicoes.apublica.org\/2018\/wp-json\/wp\/v2\/coauthors?post=1104"}],"curies":[{"name":"wp","href":"https:\/\/api.w.org\/{rel}","templated":true}]}}