{"id":121,"date":"2018-07-29T12:46:18","date_gmt":"2018-07-29T15:46:18","guid":{"rendered":"https:\/\/apublica.org\/truco2018\/?page_id=121"},"modified":"2018-08-24T15:03:59","modified_gmt":"2018-08-24T18:03:59","slug":"home","status":"publish","type":"page","link":"https:\/\/eleicoes.apublica.org\/2018\/","title":{"rendered":"Truco nos estados"},"content":{"rendered":"<p>O Truco nos Estados \u00e9 o projeto de fact-checking das elei\u00e7\u00f5es para governador da <a href=\"http:\/\/www.apublica.org\">Ag\u00eancia P\u00fablica<\/a>, uma organiza\u00e7\u00e3o sem fins lucrativos focada em jornalismo investigativo.\u00a0 Cobrimos as declara\u00e7\u00f5es de candidatos e boatos que circulam sobre as disputas eleitorais em sete estados durante a campanha. S\u00e3o 31 jornalistas dedicados a trazer mais informa\u00e7\u00f5es, dados e elementos para melhorar a qualidade do debate p\u00fablico nas elei\u00e7\u00f5es estaduais de 2018.<\/p>\n","protected":false},"excerpt":{"rendered":"<p>O Truco nos Estados \u00e9 o projeto de fact-checking das elei\u00e7\u00f5es para governador da Ag\u00eancia P\u00fablica, uma organiza\u00e7\u00e3o sem fins lucrativos focada em jornalismo investigativo.\u00a0 Cobrimos as declara\u00e7\u00f5es de candidatos e boatos que circulam sobre as disputas eleitorais em sete estados durante a campanha. S\u00e3o 31 jornalistas dedicados a trazer mais informa\u00e7\u00f5es, dados e elementos &hellip; <\/p>\n<p class=\"link-more\"><a href=\"https:\/\/eleicoes.apublica.org\/2018\/\" class=\"more-link\">Continue lendo<span class=\"screen-reader-text\"> &#8220;Truco nos estados&#8221;<\/span><\/a><\/p>\n","protected":false},"author":1,"featured_media":182,"parent":0,"menu_order":0,"comment_status":"closed","ping_status":"closed","template":"","meta":{"_acf_changed":false,"footnotes":""},"coauthors":[17],"class_list":["post-121","page","type-page","status-publish","has-post-thumbnail","hentry"],"acf":{"pizza":"[]"},"yoast_head":"<!-- This site is optimized with the Yoast SEO plugin v27.3 - https:\/\/yoast.com\/product\/yoast-seo-wordpress\/ -->\n<title>Truco nos estados - Truco2018<\/title>\n<meta name=\"robots\" content=\"index, follow, max-snippet:-1, max-image-preview:large, max-video-preview:-1\" \/>\n<link rel=\"canonical\" href=\"https:\/\/eleicoes.apublica.org\/2018\/\" \/>\n<meta property=\"og:locale\" content=\"pt_BR\" \/>\n<meta property=\"og:type\" content=\"article\" \/>\n<meta property=\"og:title\" content=\"Truco nos estados - Truco2018\" \/>\n<meta property=\"og:description\" content=\"O Truco nos Estados \u00e9 o projeto de fact-checking das elei\u00e7\u00f5es para governador da Ag\u00eancia P\u00fablica, uma organiza\u00e7\u00e3o sem fins lucrativos focada em jornalismo investigativo.\u00a0 Cobrimos as declara\u00e7\u00f5es de candidatos e boatos que circulam sobre as disputas eleitorais em sete estados durante a campanha. S\u00e3o 31 jornalistas dedicados a trazer mais informa\u00e7\u00f5es, dados e elementos &hellip; Continue lendo &quot;Truco nos estados&quot;\" \/>\n<meta property=\"og:url\" content=\"https:\/\/eleicoes.apublica.org\/2018\/\" \/>\n<meta property=\"og:site_name\" content=\"Truco2018\" \/>\n<meta property=\"article:modified_time\" content=\"2018-08-24T18:03:59+00:00\" \/>\n<meta property=\"og:image\" content=\"https:\/\/i0.wp.com\/eleicoes.apublica.org\/2018\/wp-content\/uploads\/2018\/07\/banner_featured.jpg?fit=1200%2C630&ssl=1\" \/>\n\t<meta property=\"og:image:width\" content=\"1200\" \/>\n\t<meta property=\"og:image:height\" content=\"630\" \/>\n\t<meta property=\"og:image:type\" content=\"image\/jpeg\" \/>\n<meta name=\"twitter:card\" content=\"summary_large_image\" \/>\n<meta name=\"twitter:label1\" content=\"Written by\" \/>\n\t<meta name=\"twitter:data1\" content=\"Babak Fakhamzadeh\" \/>\n<script type=\"application\/ld+json\" class=\"yoast-schema-graph\">{\"@context\":\"https:\\\/\\\/schema.org\",\"@graph\":[{\"@type\":\"WebPage\",\"@id\":\"https:\\\/\\\/eleicoes.apublica.org\\\/2018\\\/\",\"url\":\"https:\\\/\\\/eleicoes.apublica.org\\\/2018\\\/\",\"name\":\"Truco nos estados - Truco2018\",\"isPartOf\":{\"@id\":\"https:\\\/\\\/eleicoes.apublica.org\\\/2018\\\/#website\"},\"primaryImageOfPage\":{\"@id\":\"https:\\\/\\\/eleicoes.apublica.org\\\/2018\\\/#primaryimage\"},\"image\":{\"@id\":\"https:\\\/\\\/eleicoes.apublica.org\\\/2018\\\/#primaryimage\"},\"thumbnailUrl\":\"https:\\\/\\\/i0.wp.com\\\/eleicoes.apublica.org\\\/2018\\\/wp-content\\\/uploads\\\/2018\\\/07\\\/banner_featured.jpg?fit=1200%2C630&ssl=1\",\"datePublished\":\"2018-07-29T15:46:18+00:00\",\"dateModified\":\"2018-08-24T18:03:59+00:00\",\"breadcrumb\":{\"@id\":\"https:\\\/\\\/eleicoes.apublica.org\\\/2018\\\/#breadcrumb\"},\"inLanguage\":\"pt-BR\",\"potentialAction\":[{\"@type\":\"ReadAction\",\"target\":[\"https:\\\/\\\/eleicoes.apublica.org\\\/2018\\\/\"]}]},{\"@type\":\"ImageObject\",\"inLanguage\":\"pt-BR\",\"@id\":\"https:\\\/\\\/eleicoes.apublica.org\\\/2018\\\/#primaryimage\",\"url\":\"https:\\\/\\\/i0.wp.com\\\/eleicoes.apublica.org\\\/2018\\\/wp-content\\\/uploads\\\/2018\\\/07\\\/banner_featured.jpg?fit=1200%2C630&ssl=1\",\"contentUrl\":\"https:\\\/\\\/i0.wp.com\\\/eleicoes.apublica.org\\\/2018\\\/wp-content\\\/uploads\\\/2018\\\/07\\\/banner_featured.jpg?fit=1200%2C630&ssl=1\",\"width\":1200,\"height\":630},{\"@type\":\"BreadcrumbList\",\"@id\":\"https:\\\/\\\/eleicoes.apublica.org\\\/2018\\\/#breadcrumb\",\"itemListElement\":[{\"@type\":\"ListItem\",\"position\":1,\"name\":\"In\u00edcio\",\"item\":\"https:\\\/\\\/eleicoes.apublica.org\\\/2018\\\/\"},{\"@type\":\"ListItem\",\"position\":2,\"name\":\"Truco nos estados\"}]},{\"@type\":\"WebSite\",\"@id\":\"https:\\\/\\\/eleicoes.apublica.org\\\/2018\\\/#website\",\"url\":\"https:\\\/\\\/eleicoes.apublica.org\\\/2018\\\/\",\"name\":\"Truco2018\",\"description\":\"Truco nos estados - Checamos as declara\u00e7\u00f5es de candidatos e boatos que circulam sobre as elei\u00e7\u00f5es para o governo de Minas, Cear\u00e1, S\u00e3o Paulo, Rio Grande do Sul, Par\u00e1, Paran\u00e1, Pernambuco.\",\"potentialAction\":[{\"@type\":\"SearchAction\",\"target\":{\"@type\":\"EntryPoint\",\"urlTemplate\":\"https:\\\/\\\/eleicoes.apublica.org\\\/2018\\\/?s={search_term_string}\"},\"query-input\":{\"@type\":\"PropertyValueSpecification\",\"valueRequired\":true,\"valueName\":\"search_term_string\"}}],\"inLanguage\":\"pt-BR\"}]}<\/script>\n<!-- \/ Yoast SEO plugin. -->","yoast_head_json":{"title":"Truco nos estados - Truco2018","robots":{"index":"index","follow":"follow","max-snippet":"max-snippet:-1","max-image-preview":"max-image-preview:large","max-video-preview":"max-video-preview:-1"},"canonical":"https:\/\/eleicoes.apublica.org\/2018\/","og_locale":"pt_BR","og_type":"article","og_title":"Truco nos estados - Truco2018","og_description":"O Truco nos Estados \u00e9 o projeto de fact-checking das elei\u00e7\u00f5es para governador da Ag\u00eancia P\u00fablica, uma organiza\u00e7\u00e3o sem fins lucrativos focada em jornalismo investigativo.\u00a0 Cobrimos as declara\u00e7\u00f5es de candidatos e boatos que circulam sobre as disputas eleitorais em sete estados durante a campanha. S\u00e3o 31 jornalistas dedicados a trazer mais informa\u00e7\u00f5es, dados e elementos &hellip; Continue lendo \"Truco nos estados\"","og_url":"https:\/\/eleicoes.apublica.org\/2018\/","og_site_name":"Truco2018","article_modified_time":"2018-08-24T18:03:59+00:00","og_image":[{"width":1200,"height":630,"url":"https:\/\/i0.wp.com\/eleicoes.apublica.org\/2018\/wp-content\/uploads\/2018\/07\/banner_featured.jpg?fit=1200%2C630&ssl=1","type":"image\/jpeg"}],"twitter_card":"summary_large_image","twitter_misc":{"Written by":"Babak Fakhamzadeh"},"schema":{"@context":"https:\/\/schema.org","@graph":[{"@type":"WebPage","@id":"https:\/\/eleicoes.apublica.org\/2018\/","url":"https:\/\/eleicoes.apublica.org\/2018\/","name":"Truco nos estados - Truco2018","isPartOf":{"@id":"https:\/\/eleicoes.apublica.org\/2018\/#website"},"primaryImageOfPage":{"@id":"https:\/\/eleicoes.apublica.org\/2018\/#primaryimage"},"image":{"@id":"https:\/\/eleicoes.apublica.org\/2018\/#primaryimage"},"thumbnailUrl":"https:\/\/i0.wp.com\/eleicoes.apublica.org\/2018\/wp-content\/uploads\/2018\/07\/banner_featured.jpg?fit=1200%2C630&ssl=1","datePublished":"2018-07-29T15:46:18+00:00","dateModified":"2018-08-24T18:03:59+00:00","breadcrumb":{"@id":"https:\/\/eleicoes.apublica.org\/2018\/#breadcrumb"},"inLanguage":"pt-BR","potentialAction":[{"@type":"ReadAction","target":["https:\/\/eleicoes.apublica.org\/2018\/"]}]},{"@type":"ImageObject","inLanguage":"pt-BR","@id":"https:\/\/eleicoes.apublica.org\/2018\/#primaryimage","url":"https:\/\/i0.wp.com\/eleicoes.apublica.org\/2018\/wp-content\/uploads\/2018\/07\/banner_featured.jpg?fit=1200%2C630&ssl=1","contentUrl":"https:\/\/i0.wp.com\/eleicoes.apublica.org\/2018\/wp-content\/uploads\/2018\/07\/banner_featured.jpg?fit=1200%2C630&ssl=1","width":1200,"height":630},{"@type":"BreadcrumbList","@id":"https:\/\/eleicoes.apublica.org\/2018\/#breadcrumb","itemListElement":[{"@type":"ListItem","position":1,"name":"In\u00edcio","item":"https:\/\/eleicoes.apublica.org\/2018\/"},{"@type":"ListItem","position":2,"name":"Truco nos estados"}]},{"@type":"WebSite","@id":"https:\/\/eleicoes.apublica.org\/2018\/#website","url":"https:\/\/eleicoes.apublica.org\/2018\/","name":"Truco2018","description":"Truco nos estados - Checamos as declara\u00e7\u00f5es de candidatos e boatos que circulam sobre as elei\u00e7\u00f5es para o governo de Minas, Cear\u00e1, S\u00e3o Paulo, Rio Grande do Sul, Par\u00e1, Paran\u00e1, Pernambuco.","potentialAction":[{"@type":"SearchAction","target":{"@type":"EntryPoint","urlTemplate":"https:\/\/eleicoes.apublica.org\/2018\/?s={search_term_string}"},"query-input":{"@type":"PropertyValueSpecification","valueRequired":true,"valueName":"search_term_string"}}],"inLanguage":"pt-BR"}]}},"jetpack_shortlink":"https:\/\/wp.me\/PbyYl8-1X","jetpack_sharing_enabled":true,"_links":{"self":[{"href":"https:\/\/eleicoes.apublica.org\/2018\/wp-json\/wp\/v2\/pages\/121","targetHints":{"allow":["GET"]}}],"collection":[{"href":"https:\/\/eleicoes.apublica.org\/2018\/wp-json\/wp\/v2\/pages"}],"about":[{"href":"https:\/\/eleicoes.apublica.org\/2018\/wp-json\/wp\/v2\/types\/page"}],"author":[{"embeddable":true,"href":"https:\/\/eleicoes.apublica.org\/2018\/wp-json\/wp\/v2\/users\/1"}],"replies":[{"embeddable":true,"href":"https:\/\/eleicoes.apublica.org\/2018\/wp-json\/wp\/v2\/comments?post=121"}],"version-history":[{"count":4,"href":"https:\/\/eleicoes.apublica.org\/2018\/wp-json\/wp\/v2\/pages\/121\/revisions"}],"predecessor-version":[{"id":1543,"href":"https:\/\/eleicoes.apublica.org\/2018\/wp-json\/wp\/v2\/pages\/121\/revisions\/1543"}],"wp:featuredmedia":[{"embeddable":true,"href":"https:\/\/eleicoes.apublica.org\/2018\/wp-json\/wp\/v2\/media\/182"}],"wp:attachment":[{"href":"https:\/\/eleicoes.apublica.org\/2018\/wp-json\/wp\/v2\/media?parent=121"}],"wp:term":[{"taxonomy":"author","embeddable":true,"href":"https:\/\/eleicoes.apublica.org\/2018\/wp-json\/wp\/v2\/coauthors?post=121"}],"curies":[{"name":"wp","href":"https:\/\/api.w.org\/{rel}","templated":true}]}}