{"id":227,"date":"2018-07-25T19:12:07","date_gmt":"2018-07-25T22:12:07","guid":{"rendered":"https:\/\/apublica.org\/truco2018\/?page_id=21"},"modified":"2018-08-07T22:06:43","modified_gmt":"2018-08-08T01:06:43","slug":"o-que-e","status":"publish","type":"page","link":"https:\/\/eleicoes.apublica.org\/2018\/o-que-e\/","title":{"rendered":"O que \u00e9?"},"content":{"rendered":"<p>O Truco \u00e9 o projeto de fact-checking da Ag\u00eancia P\u00fablica.<\/p>\n<p>Verificamos falas, correntes e informa\u00e7\u00f5es em circula\u00e7\u00e3o na internet ou em redes sociais para saber se s\u00e3o verdadeiras ou n\u00e3o. Nosso objetivo \u00e9 aprimorar o discurso p\u00fablico e a democracia, tornando pol\u00edticos e personalidades p\u00fablicas mais respons\u00e1veis por suas declara\u00e7\u00f5es. A preocupa\u00e7\u00e3o permanente do Truco \u00e9 analisar diferentes discursos e pontos de vista, sem qualquer distin\u00e7\u00e3o partid\u00e1ria ou ideol\u00f3gica.<\/p>\n<p>Conhe\u00e7a a <a href=\"https:\/\/truco2018.apublica.org\/equipe\/\">nossa equipe<\/a> e a <a href=\"https:\/\/apublica.org\/transparencia\/\">nossa pol\u00edtica de financiamento<\/a>. O trabalho de fact-checking do Truco \u00e9 uma das modalidades de jornalismo investigativo produzidas pela Reda\u00e7\u00e3o da Ag\u00eancia P\u00fablica. O Truco nos Estados \u00e9 bancado pela Ag\u00eancia P\u00fablica com recursos dos seus financiadores institucionais: a Ford Foundation e a Oak Foundation.<\/p>\n<p>O Truco integra a International Fact-Checking Network (IFCN), rede organizada pelo Instituto Poynter, dos Estados Unidos, que re\u00fane os principais sites de fact-checking do mundo. Ap\u00f3s passar por uma auditoria independente conclu\u00edda em 28 de mar\u00e7o de 2017, tornou-se um dos signat\u00e1rios verificados do c\u00f3digo de princ\u00edpios da IFCN.<\/p>\n","protected":false},"excerpt":{"rendered":"<p>O Truco \u00e9 o projeto de fact-checking da Ag\u00eancia P\u00fablica. Verificamos falas, correntes e informa\u00e7\u00f5es em circula\u00e7\u00e3o na internet ou em redes sociais para saber se s\u00e3o verdadeiras ou n\u00e3o. Nosso objetivo \u00e9 aprimorar o discurso p\u00fablico e a democracia, tornando pol\u00edticos e personalidades p\u00fablicas mais respons\u00e1veis por suas declara\u00e7\u00f5es. A preocupa\u00e7\u00e3o permanente do Truco &hellip; <\/p>\n<p class=\"link-more\"><a href=\"https:\/\/eleicoes.apublica.org\/2018\/o-que-e\/\" class=\"more-link\">Continue lendo<span class=\"screen-reader-text\"> &#8220;O que \u00e9?&#8221;<\/span><\/a><\/p>\n","protected":false},"author":1,"featured_media":0,"parent":0,"menu_order":0,"comment_status":"closed","ping_status":"closed","template":"","meta":{"_acf_changed":false,"footnotes":""},"coauthors":[17],"class_list":["post-227","page","type-page","status-publish","hentry"],"acf":[],"yoast_head":"<!-- This site is optimized with the Yoast SEO plugin v27.5 - https:\/\/yoast.com\/product\/yoast-seo-wordpress\/ -->\n<title>O que \u00e9? - Truco2018<\/title>\n<meta name=\"robots\" content=\"index, follow, max-snippet:-1, max-image-preview:large, max-video-preview:-1\" \/>\n<link rel=\"canonical\" href=\"https:\/\/eleicoes.apublica.org\/2018\/o-que-e\/\" \/>\n<meta property=\"og:locale\" content=\"pt_BR\" \/>\n<meta property=\"og:type\" content=\"article\" \/>\n<meta property=\"og:title\" content=\"O que \u00e9? - Truco2018\" \/>\n<meta property=\"og:description\" content=\"O Truco \u00e9 o projeto de fact-checking da Ag\u00eancia P\u00fablica. Verificamos falas, correntes e informa\u00e7\u00f5es em circula\u00e7\u00e3o na internet ou em redes sociais para saber se s\u00e3o verdadeiras ou n\u00e3o. Nosso objetivo \u00e9 aprimorar o discurso p\u00fablico e a democracia, tornando pol\u00edticos e personalidades p\u00fablicas mais respons\u00e1veis por suas declara\u00e7\u00f5es. A preocupa\u00e7\u00e3o permanente do Truco &hellip; Continue lendo &quot;O que \u00e9?&quot;\" \/>\n<meta property=\"og:url\" content=\"https:\/\/eleicoes.apublica.org\/2018\/o-que-e\/\" \/>\n<meta property=\"og:site_name\" content=\"Truco2018\" \/>\n<meta property=\"article:modified_time\" content=\"2018-08-08T01:06:43+00:00\" \/>\n<meta name=\"twitter:card\" content=\"summary_large_image\" \/>\n<meta name=\"twitter:label1\" content=\"Est. tempo de leitura\" \/>\n\t<meta name=\"twitter:data1\" content=\"1 minuto\" \/>\n\t<meta name=\"twitter:label2\" content=\"Written by\" \/>\n\t<meta name=\"twitter:data2\" content=\"Babak Fakhamzadeh\" \/>\n<script type=\"application\/ld+json\" class=\"yoast-schema-graph\">{\"@context\":\"https:\\\/\\\/schema.org\",\"@graph\":[{\"@type\":\"WebPage\",\"@id\":\"https:\\\/\\\/eleicoes.apublica.org\\\/2018\\\/o-que-e\\\/\",\"url\":\"https:\\\/\\\/eleicoes.apublica.org\\\/2018\\\/o-que-e\\\/\",\"name\":\"O que \u00e9? - Truco2018\",\"isPartOf\":{\"@id\":\"https:\\\/\\\/eleicoes.apublica.org\\\/2018\\\/#website\"},\"datePublished\":\"2018-07-25T22:12:07+00:00\",\"dateModified\":\"2018-08-08T01:06:43+00:00\",\"breadcrumb\":{\"@id\":\"https:\\\/\\\/eleicoes.apublica.org\\\/2018\\\/o-que-e\\\/#breadcrumb\"},\"inLanguage\":\"pt-BR\",\"potentialAction\":[{\"@type\":\"ReadAction\",\"target\":[\"https:\\\/\\\/eleicoes.apublica.org\\\/2018\\\/o-que-e\\\/\"]}]},{\"@type\":\"BreadcrumbList\",\"@id\":\"https:\\\/\\\/eleicoes.apublica.org\\\/2018\\\/o-que-e\\\/#breadcrumb\",\"itemListElement\":[{\"@type\":\"ListItem\",\"position\":1,\"name\":\"In\u00edcio\",\"item\":\"https:\\\/\\\/eleicoes.apublica.org\\\/2018\\\/\"},{\"@type\":\"ListItem\",\"position\":2,\"name\":\"O que \u00e9?\"}]},{\"@type\":\"WebSite\",\"@id\":\"https:\\\/\\\/eleicoes.apublica.org\\\/2018\\\/#website\",\"url\":\"https:\\\/\\\/eleicoes.apublica.org\\\/2018\\\/\",\"name\":\"Truco2018\",\"description\":\"Truco nos estados - Checamos as declara\u00e7\u00f5es de candidatos e boatos que circulam sobre as elei\u00e7\u00f5es para o governo de Minas, Cear\u00e1, S\u00e3o Paulo, Rio Grande do Sul, Par\u00e1, Paran\u00e1, Pernambuco.\",\"potentialAction\":[{\"@type\":\"SearchAction\",\"target\":{\"@type\":\"EntryPoint\",\"urlTemplate\":\"https:\\\/\\\/eleicoes.apublica.org\\\/2018\\\/?s={search_term_string}\"},\"query-input\":{\"@type\":\"PropertyValueSpecification\",\"valueRequired\":true,\"valueName\":\"search_term_string\"}}],\"inLanguage\":\"pt-BR\"}]}<\/script>\n<!-- \/ Yoast SEO plugin. -->","yoast_head_json":{"title":"O que \u00e9? - Truco2018","robots":{"index":"index","follow":"follow","max-snippet":"max-snippet:-1","max-image-preview":"max-image-preview:large","max-video-preview":"max-video-preview:-1"},"canonical":"https:\/\/eleicoes.apublica.org\/2018\/o-que-e\/","og_locale":"pt_BR","og_type":"article","og_title":"O que \u00e9? - Truco2018","og_description":"O Truco \u00e9 o projeto de fact-checking da Ag\u00eancia P\u00fablica. Verificamos falas, correntes e informa\u00e7\u00f5es em circula\u00e7\u00e3o na internet ou em redes sociais para saber se s\u00e3o verdadeiras ou n\u00e3o. Nosso objetivo \u00e9 aprimorar o discurso p\u00fablico e a democracia, tornando pol\u00edticos e personalidades p\u00fablicas mais respons\u00e1veis por suas declara\u00e7\u00f5es. A preocupa\u00e7\u00e3o permanente do Truco &hellip; Continue lendo \"O que \u00e9?\"","og_url":"https:\/\/eleicoes.apublica.org\/2018\/o-que-e\/","og_site_name":"Truco2018","article_modified_time":"2018-08-08T01:06:43+00:00","twitter_card":"summary_large_image","twitter_misc":{"Est. tempo de leitura":"1 minuto","Written by":"Babak Fakhamzadeh"},"schema":{"@context":"https:\/\/schema.org","@graph":[{"@type":"WebPage","@id":"https:\/\/eleicoes.apublica.org\/2018\/o-que-e\/","url":"https:\/\/eleicoes.apublica.org\/2018\/o-que-e\/","name":"O que \u00e9? - Truco2018","isPartOf":{"@id":"https:\/\/eleicoes.apublica.org\/2018\/#website"},"datePublished":"2018-07-25T22:12:07+00:00","dateModified":"2018-08-08T01:06:43+00:00","breadcrumb":{"@id":"https:\/\/eleicoes.apublica.org\/2018\/o-que-e\/#breadcrumb"},"inLanguage":"pt-BR","potentialAction":[{"@type":"ReadAction","target":["https:\/\/eleicoes.apublica.org\/2018\/o-que-e\/"]}]},{"@type":"BreadcrumbList","@id":"https:\/\/eleicoes.apublica.org\/2018\/o-que-e\/#breadcrumb","itemListElement":[{"@type":"ListItem","position":1,"name":"In\u00edcio","item":"https:\/\/eleicoes.apublica.org\/2018\/"},{"@type":"ListItem","position":2,"name":"O que \u00e9?"}]},{"@type":"WebSite","@id":"https:\/\/eleicoes.apublica.org\/2018\/#website","url":"https:\/\/eleicoes.apublica.org\/2018\/","name":"Truco2018","description":"Truco nos estados - Checamos as declara\u00e7\u00f5es de candidatos e boatos que circulam sobre as elei\u00e7\u00f5es para o governo de Minas, Cear\u00e1, S\u00e3o Paulo, Rio Grande do Sul, Par\u00e1, Paran\u00e1, Pernambuco.","potentialAction":[{"@type":"SearchAction","target":{"@type":"EntryPoint","urlTemplate":"https:\/\/eleicoes.apublica.org\/2018\/?s={search_term_string}"},"query-input":{"@type":"PropertyValueSpecification","valueRequired":true,"valueName":"search_term_string"}}],"inLanguage":"pt-BR"}]}},"jetpack_shortlink":"https:\/\/wp.me\/PbyYl8-3F","jetpack_sharing_enabled":true,"_links":{"self":[{"href":"https:\/\/eleicoes.apublica.org\/2018\/wp-json\/wp\/v2\/pages\/227","targetHints":{"allow":["GET"]}}],"collection":[{"href":"https:\/\/eleicoes.apublica.org\/2018\/wp-json\/wp\/v2\/pages"}],"about":[{"href":"https:\/\/eleicoes.apublica.org\/2018\/wp-json\/wp\/v2\/types\/page"}],"author":[{"embeddable":true,"href":"https:\/\/eleicoes.apublica.org\/2018\/wp-json\/wp\/v2\/users\/1"}],"replies":[{"embeddable":true,"href":"https:\/\/eleicoes.apublica.org\/2018\/wp-json\/wp\/v2\/comments?post=227"}],"version-history":[{"count":2,"href":"https:\/\/eleicoes.apublica.org\/2018\/wp-json\/wp\/v2\/pages\/227\/revisions"}],"predecessor-version":[{"id":384,"href":"https:\/\/eleicoes.apublica.org\/2018\/wp-json\/wp\/v2\/pages\/227\/revisions\/384"}],"wp:attachment":[{"href":"https:\/\/eleicoes.apublica.org\/2018\/wp-json\/wp\/v2\/media?parent=227"}],"wp:term":[{"taxonomy":"author","embeddable":true,"href":"https:\/\/eleicoes.apublica.org\/2018\/wp-json\/wp\/v2\/coauthors?post=227"}],"curies":[{"name":"wp","href":"https:\/\/api.w.org\/{rel}","templated":true}]}}