{"id":387,"date":"2018-08-07T22:10:06","date_gmt":"2018-08-08T01:10:06","guid":{"rendered":"https:\/\/truco2018.apublica.org\/?page_id=387"},"modified":"2018-08-07T22:10:06","modified_gmt":"2018-08-08T01:10:06","slug":"como-escolhemos-o-que-checar","status":"publish","type":"page","link":"https:\/\/eleicoes.apublica.org\/2018\/como-escolhemos-o-que-checar\/","title":{"rendered":"Como escolhemos o que checar"},"content":{"rendered":"<p>O Truco nos Estados escolhe as frases para checagens a partir das declara\u00e7\u00f5es dos candidatos e boatos que circulam sobre os temas eleitorais. Ser\u00e1 selecionada apenas uma afirma\u00e7\u00e3o por checagem, tratando-a sempre dentro do contexto no qual foi mencionada.<\/p>\n<h3>Declara\u00e7\u00f5es<\/h3>\n<p>Podem ser usadas frases ditas pelos candidatos em eventos p\u00fablicos, em entrevistas, no hor\u00e1rio eleitoral gratuito, em material de campanha ou em redes sociais. Tamb\u00e9m acompanhamos eventos de repercuss\u00e3o local, como debates organizados por entidades, e conven\u00e7\u00f5es partid\u00e1rias.<\/p>\n<h3>Boatos<\/h3>\n<p>A escolha de material sobre os candidatos que circula nas redes sociais ou no WhatsApp pode ser feita a partir da sugest\u00e3o de leitores ou por meio da prospec\u00e7\u00e3o de canais conhecidos por veicular conte\u00fado problem\u00e1tico. Selecionamos apenas boatos que est\u00e3o alcan\u00e7ando um p\u00fablico amplo e jamais inclu\u00edmos links para o boato \u2013 evitando, assim, dar ainda mais visibilidade \u00e0 desinforma\u00e7\u00e3o.<\/p>\n<p>Para uma frase ser selecionada, ela tem que obedecer aos seguintes crit\u00e9rios:<\/p>\n<ul>\n<li>Ter relev\u00e2ncia para o debate p\u00fablico;<\/li>\n<li>Fazer men\u00e7\u00e3o a um dado ou fato objetivo, pass\u00edvel de ser checado;<\/li>\n<li>N\u00e3o ser um ju\u00edzo de valor ou express\u00e3o de uma opini\u00e3o subjetiva;<\/li>\n<li>N\u00e3o fazer uma previs\u00e3o ou falar de algo que pode acontecer no futuro;<\/li>\n<\/ul>\n","protected":false},"excerpt":{"rendered":"<p>O Truco nos Estados escolhe as frases para checagens a partir das declara\u00e7\u00f5es dos candidatos e boatos que circulam sobre os temas eleitorais. Ser\u00e1 selecionada apenas uma afirma\u00e7\u00e3o por checagem, tratando-a sempre dentro do contexto no qual foi mencionada. Declara\u00e7\u00f5es Podem ser usadas frases ditas pelos candidatos em eventos p\u00fablicos, em entrevistas, no hor\u00e1rio eleitoral &hellip; <\/p>\n<p class=\"link-more\"><a href=\"https:\/\/eleicoes.apublica.org\/2018\/como-escolhemos-o-que-checar\/\" class=\"more-link\">Continue lendo<span class=\"screen-reader-text\"> &#8220;Como escolhemos o que checar&#8221;<\/span><\/a><\/p>\n","protected":false},"author":5,"featured_media":0,"parent":0,"menu_order":0,"comment_status":"closed","ping_status":"closed","template":"","meta":{"_acf_changed":false,"footnotes":""},"coauthors":[10],"class_list":["post-387","page","type-page","status-publish","hentry"],"acf":[],"yoast_head":"<!-- This site is optimized with the Yoast SEO plugin v27.5 - https:\/\/yoast.com\/product\/yoast-seo-wordpress\/ -->\n<title>Como escolhemos o que checar - Truco2018<\/title>\n<meta name=\"robots\" content=\"index, follow, max-snippet:-1, max-image-preview:large, max-video-preview:-1\" \/>\n<link rel=\"canonical\" href=\"https:\/\/eleicoes.apublica.org\/2018\/como-escolhemos-o-que-checar\/\" \/>\n<meta property=\"og:locale\" content=\"pt_BR\" \/>\n<meta property=\"og:type\" content=\"article\" \/>\n<meta property=\"og:title\" content=\"Como escolhemos o que checar - Truco2018\" \/>\n<meta property=\"og:description\" content=\"O Truco nos Estados escolhe as frases para checagens a partir das declara\u00e7\u00f5es dos candidatos e boatos que circulam sobre os temas eleitorais. Ser\u00e1 selecionada apenas uma afirma\u00e7\u00e3o por checagem, tratando-a sempre dentro do contexto no qual foi mencionada. Declara\u00e7\u00f5es Podem ser usadas frases ditas pelos candidatos em eventos p\u00fablicos, em entrevistas, no hor\u00e1rio eleitoral &hellip; Continue lendo &quot;Como escolhemos o que checar&quot;\" \/>\n<meta property=\"og:url\" content=\"https:\/\/eleicoes.apublica.org\/2018\/como-escolhemos-o-que-checar\/\" \/>\n<meta property=\"og:site_name\" content=\"Truco2018\" \/>\n<meta name=\"twitter:card\" content=\"summary_large_image\" \/>\n<meta name=\"twitter:label1\" content=\"Est. tempo de leitura\" \/>\n\t<meta name=\"twitter:data1\" content=\"1 minuto\" \/>\n\t<meta name=\"twitter:label2\" content=\"Written by\" \/>\n\t<meta name=\"twitter:data2\" content=\"Natalia Viana\" \/>\n<script type=\"application\/ld+json\" class=\"yoast-schema-graph\">{\"@context\":\"https:\\\/\\\/schema.org\",\"@graph\":[{\"@type\":\"WebPage\",\"@id\":\"https:\\\/\\\/eleicoes.apublica.org\\\/2018\\\/como-escolhemos-o-que-checar\\\/\",\"url\":\"https:\\\/\\\/eleicoes.apublica.org\\\/2018\\\/como-escolhemos-o-que-checar\\\/\",\"name\":\"Como escolhemos o que checar - Truco2018\",\"isPartOf\":{\"@id\":\"https:\\\/\\\/eleicoes.apublica.org\\\/2018\\\/#website\"},\"datePublished\":\"2018-08-08T01:10:06+00:00\",\"breadcrumb\":{\"@id\":\"https:\\\/\\\/eleicoes.apublica.org\\\/2018\\\/como-escolhemos-o-que-checar\\\/#breadcrumb\"},\"inLanguage\":\"pt-BR\",\"potentialAction\":[{\"@type\":\"ReadAction\",\"target\":[\"https:\\\/\\\/eleicoes.apublica.org\\\/2018\\\/como-escolhemos-o-que-checar\\\/\"]}]},{\"@type\":\"BreadcrumbList\",\"@id\":\"https:\\\/\\\/eleicoes.apublica.org\\\/2018\\\/como-escolhemos-o-que-checar\\\/#breadcrumb\",\"itemListElement\":[{\"@type\":\"ListItem\",\"position\":1,\"name\":\"In\u00edcio\",\"item\":\"https:\\\/\\\/eleicoes.apublica.org\\\/2018\\\/\"},{\"@type\":\"ListItem\",\"position\":2,\"name\":\"Como escolhemos o que checar\"}]},{\"@type\":\"WebSite\",\"@id\":\"https:\\\/\\\/eleicoes.apublica.org\\\/2018\\\/#website\",\"url\":\"https:\\\/\\\/eleicoes.apublica.org\\\/2018\\\/\",\"name\":\"Truco2018\",\"description\":\"Truco nos estados - Checamos as declara\u00e7\u00f5es de candidatos e boatos que circulam sobre as elei\u00e7\u00f5es para o governo de Minas, Cear\u00e1, S\u00e3o Paulo, Rio Grande do Sul, Par\u00e1, Paran\u00e1, Pernambuco.\",\"potentialAction\":[{\"@type\":\"SearchAction\",\"target\":{\"@type\":\"EntryPoint\",\"urlTemplate\":\"https:\\\/\\\/eleicoes.apublica.org\\\/2018\\\/?s={search_term_string}\"},\"query-input\":{\"@type\":\"PropertyValueSpecification\",\"valueRequired\":true,\"valueName\":\"search_term_string\"}}],\"inLanguage\":\"pt-BR\"}]}<\/script>\n<!-- \/ Yoast SEO plugin. -->","yoast_head_json":{"title":"Como escolhemos o que checar - Truco2018","robots":{"index":"index","follow":"follow","max-snippet":"max-snippet:-1","max-image-preview":"max-image-preview:large","max-video-preview":"max-video-preview:-1"},"canonical":"https:\/\/eleicoes.apublica.org\/2018\/como-escolhemos-o-que-checar\/","og_locale":"pt_BR","og_type":"article","og_title":"Como escolhemos o que checar - Truco2018","og_description":"O Truco nos Estados escolhe as frases para checagens a partir das declara\u00e7\u00f5es dos candidatos e boatos que circulam sobre os temas eleitorais. Ser\u00e1 selecionada apenas uma afirma\u00e7\u00e3o por checagem, tratando-a sempre dentro do contexto no qual foi mencionada. Declara\u00e7\u00f5es Podem ser usadas frases ditas pelos candidatos em eventos p\u00fablicos, em entrevistas, no hor\u00e1rio eleitoral &hellip; Continue lendo \"Como escolhemos o que checar\"","og_url":"https:\/\/eleicoes.apublica.org\/2018\/como-escolhemos-o-que-checar\/","og_site_name":"Truco2018","twitter_card":"summary_large_image","twitter_misc":{"Est. tempo de leitura":"1 minuto","Written by":"Natalia Viana"},"schema":{"@context":"https:\/\/schema.org","@graph":[{"@type":"WebPage","@id":"https:\/\/eleicoes.apublica.org\/2018\/como-escolhemos-o-que-checar\/","url":"https:\/\/eleicoes.apublica.org\/2018\/como-escolhemos-o-que-checar\/","name":"Como escolhemos o que checar - Truco2018","isPartOf":{"@id":"https:\/\/eleicoes.apublica.org\/2018\/#website"},"datePublished":"2018-08-08T01:10:06+00:00","breadcrumb":{"@id":"https:\/\/eleicoes.apublica.org\/2018\/como-escolhemos-o-que-checar\/#breadcrumb"},"inLanguage":"pt-BR","potentialAction":[{"@type":"ReadAction","target":["https:\/\/eleicoes.apublica.org\/2018\/como-escolhemos-o-que-checar\/"]}]},{"@type":"BreadcrumbList","@id":"https:\/\/eleicoes.apublica.org\/2018\/como-escolhemos-o-que-checar\/#breadcrumb","itemListElement":[{"@type":"ListItem","position":1,"name":"In\u00edcio","item":"https:\/\/eleicoes.apublica.org\/2018\/"},{"@type":"ListItem","position":2,"name":"Como escolhemos o que checar"}]},{"@type":"WebSite","@id":"https:\/\/eleicoes.apublica.org\/2018\/#website","url":"https:\/\/eleicoes.apublica.org\/2018\/","name":"Truco2018","description":"Truco nos estados - Checamos as declara\u00e7\u00f5es de candidatos e boatos que circulam sobre as elei\u00e7\u00f5es para o governo de Minas, Cear\u00e1, S\u00e3o Paulo, Rio Grande do Sul, Par\u00e1, Paran\u00e1, Pernambuco.","potentialAction":[{"@type":"SearchAction","target":{"@type":"EntryPoint","urlTemplate":"https:\/\/eleicoes.apublica.org\/2018\/?s={search_term_string}"},"query-input":{"@type":"PropertyValueSpecification","valueRequired":true,"valueName":"search_term_string"}}],"inLanguage":"pt-BR"}]}},"jetpack_shortlink":"https:\/\/wp.me\/PbyYl8-6f","jetpack_sharing_enabled":true,"_links":{"self":[{"href":"https:\/\/eleicoes.apublica.org\/2018\/wp-json\/wp\/v2\/pages\/387","targetHints":{"allow":["GET"]}}],"collection":[{"href":"https:\/\/eleicoes.apublica.org\/2018\/wp-json\/wp\/v2\/pages"}],"about":[{"href":"https:\/\/eleicoes.apublica.org\/2018\/wp-json\/wp\/v2\/types\/page"}],"author":[{"embeddable":true,"href":"https:\/\/eleicoes.apublica.org\/2018\/wp-json\/wp\/v2\/users\/5"}],"replies":[{"embeddable":true,"href":"https:\/\/eleicoes.apublica.org\/2018\/wp-json\/wp\/v2\/comments?post=387"}],"version-history":[{"count":1,"href":"https:\/\/eleicoes.apublica.org\/2018\/wp-json\/wp\/v2\/pages\/387\/revisions"}],"predecessor-version":[{"id":388,"href":"https:\/\/eleicoes.apublica.org\/2018\/wp-json\/wp\/v2\/pages\/387\/revisions\/388"}],"wp:attachment":[{"href":"https:\/\/eleicoes.apublica.org\/2018\/wp-json\/wp\/v2\/media?parent=387"}],"wp:term":[{"taxonomy":"author","embeddable":true,"href":"https:\/\/eleicoes.apublica.org\/2018\/wp-json\/wp\/v2\/coauthors?post=387"}],"curies":[{"name":"wp","href":"https:\/\/api.w.org\/{rel}","templated":true}]}}